{"id":240,"date":"2022-05-04T13:20:05","date_gmt":"2022-05-04T13:20:05","guid":{"rendered":"https:\/\/modernidadesdescentralizadas.com\/revolucion\/?page_id=240"},"modified":"2022-05-04T18:43:16","modified_gmt":"2022-05-04T18:43:16","slug":"synopsis","status":"publish","type":"page","link":"https:\/\/modernidadesdescentralizadas.com\/revolucion\/fr\/synopsis\/","title":{"rendered":"Synopsis"},"content":{"rendered":"\n<div class=\"wp-block-columns is-layout-flex wp-container-core-columns-is-layout-9d6595d7 wp-block-columns-is-layout-flex\">\n<div class=\"wp-block-column is-layout-flow wp-block-column-is-layout-flow\">\n<blockquote class=\"wp-block-quote is-layout-flow wp-block-quote-is-layout-flow\"><p>\u00c0 quoi sert une r\u00e9volution ? Une r\u00e9volution \u00e9claire d&#8217;autres possibilit\u00e9s de vie.<\/p><\/blockquote>\n\n\n\n<p>C&#8217;est la pr\u00e9misse de ce court m\u00e9trage, qui prend comme cas d&#8217;\u00e9tude la derni\u00e8re des grandes r\u00e9volutions europ\u00e9ennes, celle qui a commenc\u00e9 le 25 avril 1974 au Portugal, plonge dans ses racines coloniales et r\u00e9fl\u00e9chit \u00e0 sa fin le 25 novembre 1975.<\/p>\n\n\n\n<p>Que pouvons-nous apprendre de cette p\u00e9riode de 19 mois, appel\u00e9e PREC ( Processus R\u00e9volutionnaire En Cours), et quelles images cette r\u00e9volution populaire, qui a commenc\u00e9 par un coup d&#8217;\u00c9tat militaire, nous laisse-t-elle ?<\/p>\n\n\n\n<p><\/p>\n<\/div>\n\n\n\n<div class=\"wp-block-column is-layout-flow wp-block-column-is-layout-flow\">\n<p>Cet essai audiovisuel, construit \u00e0 partir de certaines des \u0153uvres cin\u00e9matographiques les plus importantes du 25 avril et de mat\u00e9riel d&#8217;archives provenant de la t\u00e9l\u00e9vision et des coop\u00e9ratives cin\u00e9matographiques apparues dans le feu du processus r\u00e9volutionnaire, est une r\u00e9flexion sur la force politique de ces images, sur l&#8217;h\u00e9ritage qu&#8217;elles nous laissent et sur le r\u00f4le des archives, du cin\u00e9ma, des m\u00e9dias et de la repr\u00e9sentation en g\u00e9n\u00e9ral dans nos luttes contemporaines.<\/p>\n\n\n\n<p><strong>La r\u00e9volution (est) probable<\/strong> nous parle aussi de la fragilit\u00e9 du statut de document des images comme \u00ab preuve \u00bb, et de la possibilit\u00e9 r\u00e9elle d&#8217;apprendre de l&#8217;histoire \u00e0 partir du pr\u00e9sent.<\/p>\n<\/div>\n<\/div>\n\n\n\n<figure class=\"wp-block-image size-large\"><img loading=\"lazy\" decoding=\"async\" width=\"1024\" height=\"640\" src=\"https:\/\/modernidadesdescentralizadas.com\/revolucion\/wp-content\/uploads\/2022\/05\/modesrevo-sinopsis-1024x640.jpg\" alt=\"\" class=\"wp-image-177\" srcset=\"https:\/\/modernidadesdescentralizadas.com\/revolucion\/wp-content\/uploads\/2022\/05\/modesrevo-sinopsis-1024x640.jpg 1024w, https:\/\/modernidadesdescentralizadas.com\/revolucion\/wp-content\/uploads\/2022\/05\/modesrevo-sinopsis-300x188.jpg 300w, https:\/\/modernidadesdescentralizadas.com\/revolucion\/wp-content\/uploads\/2022\/05\/modesrevo-sinopsis-768x480.jpg 768w, https:\/\/modernidadesdescentralizadas.com\/revolucion\/wp-content\/uploads\/2022\/05\/modesrevo-sinopsis.jpg 1280w\" sizes=\"auto, (max-width: 1024px) 100vw, 1024px\" \/><figcaption>La r\u00e9volution (est) probable  \u00a9 2022<\/figcaption><\/figure>\n","protected":false},"excerpt":{"rendered":"<p>\u00c0 quoi sert une r\u00e9volution ? Une r\u00e9volution \u00e9claire d&#8217;autres possibilit\u00e9s de vie. C&#8217;est la pr\u00e9misse de ce court m\u00e9trage, [&hellip;]<\/p>\n","protected":false},"author":1,"featured_media":163,"parent":0,"menu_order":2,"comment_status":"closed","ping_status":"closed","template":"","meta":{"_acf_changed":false,"footnotes":""},"class_list":["post-240","page","type-page","status-publish","has-post-thumbnail","hentry"],"acf":[],"_links":{"self":[{"href":"https:\/\/modernidadesdescentralizadas.com\/revolucion\/wp-json\/wp\/v2\/pages\/240","targetHints":{"allow":["GET"]}}],"collection":[{"href":"https:\/\/modernidadesdescentralizadas.com\/revolucion\/wp-json\/wp\/v2\/pages"}],"about":[{"href":"https:\/\/modernidadesdescentralizadas.com\/revolucion\/wp-json\/wp\/v2\/types\/page"}],"author":[{"embeddable":true,"href":"https:\/\/modernidadesdescentralizadas.com\/revolucion\/wp-json\/wp\/v2\/users\/1"}],"replies":[{"embeddable":true,"href":"https:\/\/modernidadesdescentralizadas.com\/revolucion\/wp-json\/wp\/v2\/comments?post=240"}],"version-history":[{"count":3,"href":"https:\/\/modernidadesdescentralizadas.com\/revolucion\/wp-json\/wp\/v2\/pages\/240\/revisions"}],"predecessor-version":[{"id":316,"href":"https:\/\/modernidadesdescentralizadas.com\/revolucion\/wp-json\/wp\/v2\/pages\/240\/revisions\/316"}],"wp:featuredmedia":[{"embeddable":true,"href":"https:\/\/modernidadesdescentralizadas.com\/revolucion\/wp-json\/wp\/v2\/media\/163"}],"wp:attachment":[{"href":"https:\/\/modernidadesdescentralizadas.com\/revolucion\/wp-json\/wp\/v2\/media?parent=240"}],"curies":[{"name":"wp","href":"https:\/\/api.w.org\/{rel}","templated":true}]}}