{"id":253,"date":"2022-05-04T13:26:03","date_gmt":"2022-05-04T13:26:03","guid":{"rendered":"https:\/\/modernidadesdescentralizadas.com\/revolucion\/?page_id=253"},"modified":"2023-01-14T19:49:29","modified_gmt":"2023-01-14T19:49:29","slug":"contact","status":"publish","type":"page","link":"https:\/\/modernidadesdescentralizadas.com\/revolucion\/fr\/contact\/","title":{"rendered":"Contact"},"content":{"rendered":"\n<div class=\"wp-block-columns is-layout-flex wp-container-core-columns-is-layout-9d6595d7 wp-block-columns-is-layout-flex\">\n<div class=\"wp-block-column is-layout-flow wp-block-column-is-layout-flow\">\n<h4 class=\"has-text-align-center wp-block-heading\"><a href=\"https:\/\/modernidadesdescentralizadas.com\/team_member\/paula-barreiro-lopez-fr\/\" data-type=\"URL\" data-id=\"https:\/\/modernidadesdescentralizadas.com\/team_member\/paula-barreiro-lopez-fr\/\" target=\"_blank\" rel=\"noreferrer noopener\">Paula Barreiro<\/a><\/h4>\n\n\n\n<p class=\"has-text-align-center modesrevo-mail has-modesrevo-gray-color has-text-color\"><a href=\"mailto:paula.barreiro@univ-grenoble-alpes.fr\">paula.barreiro-lopez@univ-tlse2.fr<\/a><\/p>\n\n\n\n<p class=\"has-text-align-center\">Laboratoire FRAMESPA <br>Universit\u00e9 de Toulouse 2 Jean Jaur\u00e8s<br>Toulouse (France)<\/p>\n<\/div>\n\n\n\n<div class=\"wp-block-column is-layout-flow wp-block-column-is-layout-flow\">\n<h4 class=\"has-text-align-center wp-block-heading\"><a href=\"https:\/\/modernidadesdescentralizadas.com\/team_member\/maria-ruido-fr\/\" target=\"_blank\" rel=\"noreferrer noopener\">Mar\u00eda Ruido<\/a><\/h4>\n\n\n\n<p class=\"has-text-align-center modesrevo-mail\"><a rel=\"noreferrer noopener\" href=\"mailto:maldoror2@gmail.com\" target=\"_blank\">maldoror2@gmail.com<\/a><\/p>\n\n\n\n<p class=\"has-text-align-center\">Artiste visuel, cin\u00e9aste, chercheur et enseignant a l&#8217;Universit\u00e9 de Barcelone (Espagne).<\/p>\n<\/div>\n\n\n\n<div class=\"wp-block-column is-layout-flow wp-block-column-is-layout-flow\">\n<h4 class=\"has-text-align-center wp-block-heading\"><a href=\"https:\/\/modernidadesdescentralizadas.com\/team_member\/lee-douglas-3\/\" data-type=\"URL\" data-id=\"https:\/\/modernidadesdescentralizadas.com\/team_member\/lee-douglas-3\/\" target=\"_blank\" rel=\"noreferrer noopener\">Lee Douglas<\/a><\/h4>\n\n\n\n<p class=\"has-text-align-center modesrevo-mail\"><a href=\"mailto:paula.barreiro@univ-grenoble-alpes.fr\"><\/a><a rel=\"noreferrer noopener\" href=\"mailto:mail@mail.com\" target=\"_blank\"><a href=\"https:\/\/novaresearch.unl.pt\/en\/persons\/lee-elizabeth-douglas#\">ldouglas@fcsh.unl.pt<\/a><\/a><\/p>\n\n\n\n<p class=\"has-text-align-center\">Institute of Contemporary History (IHC) Universidade Nova de Lisboa<br>Lisboa (Portugal)<\/p>\n<\/div>\n<\/div>\n\n\n\n<figure class=\"wp-block-image size-large\"><img loading=\"lazy\" decoding=\"async\" width=\"1024\" height=\"640\" src=\"https:\/\/modernidadesdescentralizadas.com\/revolucion\/wp-content\/uploads\/2022\/05\/modesrevo-contact-1024x640.jpg\" alt=\"\" class=\"wp-image-159\" srcset=\"https:\/\/modernidadesdescentralizadas.com\/revolucion\/wp-content\/uploads\/2022\/05\/modesrevo-contact-1024x640.jpg 1024w, https:\/\/modernidadesdescentralizadas.com\/revolucion\/wp-content\/uploads\/2022\/05\/modesrevo-contact-300x188.jpg 300w, https:\/\/modernidadesdescentralizadas.com\/revolucion\/wp-content\/uploads\/2022\/05\/modesrevo-contact-768x480.jpg 768w, https:\/\/modernidadesdescentralizadas.com\/revolucion\/wp-content\/uploads\/2022\/05\/modesrevo-contact.jpg 1280w\" sizes=\"auto, (max-width: 1024px) 100vw, 1024px\" \/><\/figure>\n","protected":false},"excerpt":{"rendered":"<p>Paula Barreiro paula.barreiro-lopez@univ-tlse2.fr Laboratoire FRAMESPA Universit\u00e9 de Toulouse 2 Jean Jaur\u00e8sToulouse (France) Mar\u00eda Ruido maldoror2@gmail.com Artiste visuel, cin\u00e9aste, chercheur et [&hellip;]<\/p>\n","protected":false},"author":1,"featured_media":0,"parent":0,"menu_order":7,"comment_status":"closed","ping_status":"closed","template":"","meta":{"_acf_changed":false,"footnotes":""},"class_list":["post-253","page","type-page","status-publish","hentry"],"acf":[],"_links":{"self":[{"href":"https:\/\/modernidadesdescentralizadas.com\/revolucion\/wp-json\/wp\/v2\/pages\/253","targetHints":{"allow":["GET"]}}],"collection":[{"href":"https:\/\/modernidadesdescentralizadas.com\/revolucion\/wp-json\/wp\/v2\/pages"}],"about":[{"href":"https:\/\/modernidadesdescentralizadas.com\/revolucion\/wp-json\/wp\/v2\/types\/page"}],"author":[{"embeddable":true,"href":"https:\/\/modernidadesdescentralizadas.com\/revolucion\/wp-json\/wp\/v2\/users\/1"}],"replies":[{"embeddable":true,"href":"https:\/\/modernidadesdescentralizadas.com\/revolucion\/wp-json\/wp\/v2\/comments?post=253"}],"version-history":[{"count":7,"href":"https:\/\/modernidadesdescentralizadas.com\/revolucion\/wp-json\/wp\/v2\/pages\/253\/revisions"}],"predecessor-version":[{"id":607,"href":"https:\/\/modernidadesdescentralizadas.com\/revolucion\/wp-json\/wp\/v2\/pages\/253\/revisions\/607"}],"wp:attachment":[{"href":"https:\/\/modernidadesdescentralizadas.com\/revolucion\/wp-json\/wp\/v2\/media?parent=253"}],"curies":[{"name":"wp","href":"https:\/\/api.w.org\/{rel}","templated":true}]}}