{"id":255,"date":"2022-05-04T13:26:52","date_gmt":"2022-05-04T13:26:52","guid":{"rendered":"https:\/\/modernidadesdescentralizadas.com\/revolucion\/?page_id=255"},"modified":"2022-06-20T13:33:44","modified_gmt":"2022-06-20T13:33:44","slug":"teaser-fr","status":"publish","type":"page","link":"https:\/\/modernidadesdescentralizadas.com\/revolucion\/fr\/teaser-fr\/","title":{"rendered":"Teaser"},"content":{"rendered":"\n<div class=\"wp-block-group modesrevo-movie\"><div class=\"wp-block-group__inner-container is-layout-flow wp-block-group-is-layout-flow\">\n<div class=\"wp-block-buttons vos-button-group is-layout-flex wp-block-buttons-is-layout-flex\">\n<div class=\"wp-block-button vos-button active\" id=\"vos-teaser-1\"><a class=\"wp-block-button__link\">Teaser<\/a><\/div>\n\n\n\n<div class=\"wp-block-button vos-button\" id=\"vos-teaser-2\"><a class=\"wp-block-button__link\">Teaser avec version de Gr\u00e1ndola Vila Morena<\/a><\/div>\n<\/div>\n\n\n\n<figure class=\"wp-block-embed alignwide is-type-video is-provider-vimeo wp-block-embed-vimeo vos-teaser-1 vos-movie active wp-embed-aspect-16-9 wp-has-aspect-ratio\"><div class=\"wp-block-embed__wrapper\">\n<div class=\"video-container cookies-block\"><iframe loading=\"lazy\" title=\"The revolution (is) probable (2022) _Teaser_vosi.mp4\" src=\"https:\/\/player.vimeo.com\/video\/679465484?dnt=1&amp;app_id=122963\" width=\"640\" height=\"360\" frameborder=\"0\" allow=\"autoplay; fullscreen; picture-in-picture; clipboard-write\"><\/iframe><\/div><div class=\"cookies-notice\"><div class=\"cookies-notice__content\"><i class=\"genericons-neue genericons-neue-hide\"><\/i><div class=\"preloader-bounce\"><div><\/div><div><\/div><div><\/div><div><\/div><\/div> Aqu\u00ed hay contenido que usa cookies. Para verlo, debe aceptar las cookies en <a href=\"#gdpr_cookie_modal\">Cookies config<\/a><\/div><\/div>\n<\/div><\/figure>\n\n\n\n<div class=\"wp-block-group alignwide vos-teaser-2 vos-movie\"><div class=\"wp-block-group__inner-container is-layout-flow wp-block-group-is-layout-flow\">\n<figure class=\"wp-block-embed is-type-video is-provider-vimeo wp-block-embed-vimeo wp-embed-aspect-16-9 wp-has-aspect-ratio\"><div class=\"wp-block-embed__wrapper\">\n<div class=\"video-container cookies-block\"><iframe loading=\"lazy\" title=\"Grandola_versi\u00f3n Mari\u0301a Villanueva_ para el filme La Revoluci\u00f3n (es) Probable (2022) .mp4\" src=\"https:\/\/player.vimeo.com\/video\/706148657?dnt=1&amp;app_id=122963\" width=\"640\" height=\"360\" frameborder=\"0\" allow=\"autoplay; fullscreen; picture-in-picture; clipboard-write\"><\/iframe><\/div><div class=\"cookies-notice\"><div class=\"cookies-notice__content\"><i class=\"genericons-neue genericons-neue-hide\"><\/i><div class=\"preloader-bounce\"><div><\/div><div><\/div><div><\/div><div><\/div><\/div> Aqu\u00ed hay contenido que usa cookies. Para verlo, debe aceptar las cookies en <a href=\"#gdpr_cookie_modal\">Cookies config<\/a><\/div><\/div>\n<\/div><\/figure>\n\n\n\n<div style=\"height:30px\" aria-hidden=\"true\" class=\"wp-block-spacer\"><\/div>\n\n\n\n<div class=\"wp-block-columns is-layout-flex wp-container-core-columns-is-layout-9d6595d7 wp-block-columns-is-layout-flex\">\n<div class=\"wp-block-column is-layout-flow wp-block-column-is-layout-flow\">\n<p><a rel=\"noreferrer noopener\" href=\"http:\/\/linktr.ee\/mariavillanuevasolita\" target=\"_blank\">Mar\u00eda Villanueva Alonso<\/a> a \u00e9tudi\u00e9 la guitare classique au CSM de Vigo, puis la communication audiovisuelle \u00e0 l&#8217;USC. Elle s&#8217;est ensuite rendue en Suisse, o\u00f9 elle a obtient un Master en interpr\u00e9tation musicale \u00e0 la HKB, et \u00e0 Lisbonne, o\u00f9 elle a obtenu un dipl\u00f4me en chant jazz \u00e0 l&#8217;ESML. Depuis 2021, elle enseigne la guitare au conservatoire Manuel Quiroga de Pontevedra.<\/p>\n<\/div>\n\n\n\n<div class=\"wp-block-column is-layout-flow wp-block-column-is-layout-flow\">\n<p>Son activit\u00e9 artistique r\u00e9cente comprend le Duo 2028, pr\u00e9sent\u00e9 dans des festivals tels que la Quincena Musical de Donosti ; l&#8217;enregistrement de l&#8217;album \u00ab&nbsp;Fonte Grande&nbsp;\u00bb (2020), financ\u00e9 par la soci\u00e9t\u00e9 de production Jazz ao Centro Clube (JACC) ; l&#8217;action performative \u00ab&nbsp;Carta aberta&nbsp;\u00bb (2021), command\u00e9e par la Diputaci\u00f3n de Pontevedra et la collaboration avec Jaime Velasco Ayensa, donnant voix \u00e0 sa musique dans son prochain album, qui sortira dans les prochains mois.<\/p>\n<\/div>\n<\/div>\n<\/div><\/div>\n<\/div><\/div>\n\n\n\n<p><\/p>\n\n\n\n<p><\/p>\n","protected":false},"excerpt":{"rendered":"<p>Mar\u00eda Villanueva Alonso a \u00e9tudi\u00e9 la guitare classique au CSM de Vigo, puis la communication audiovisuelle \u00e0 l&#8217;USC. Elle s&#8217;est [&hellip;]<\/p>\n","protected":false},"author":1,"featured_media":0,"parent":0,"menu_order":3,"comment_status":"closed","ping_status":"closed","template":"","meta":{"_acf_changed":false,"footnotes":""},"class_list":["post-255","page","type-page","status-publish","hentry"],"acf":[],"_links":{"self":[{"href":"https:\/\/modernidadesdescentralizadas.com\/revolucion\/wp-json\/wp\/v2\/pages\/255","targetHints":{"allow":["GET"]}}],"collection":[{"href":"https:\/\/modernidadesdescentralizadas.com\/revolucion\/wp-json\/wp\/v2\/pages"}],"about":[{"href":"https:\/\/modernidadesdescentralizadas.com\/revolucion\/wp-json\/wp\/v2\/types\/page"}],"author":[{"embeddable":true,"href":"https:\/\/modernidadesdescentralizadas.com\/revolucion\/wp-json\/wp\/v2\/users\/1"}],"replies":[{"embeddable":true,"href":"https:\/\/modernidadesdescentralizadas.com\/revolucion\/wp-json\/wp\/v2\/comments?post=255"}],"version-history":[{"count":10,"href":"https:\/\/modernidadesdescentralizadas.com\/revolucion\/wp-json\/wp\/v2\/pages\/255\/revisions"}],"predecessor-version":[{"id":397,"href":"https:\/\/modernidadesdescentralizadas.com\/revolucion\/wp-json\/wp\/v2\/pages\/255\/revisions\/397"}],"wp:attachment":[{"href":"https:\/\/modernidadesdescentralizadas.com\/revolucion\/wp-json\/wp\/v2\/media?parent=255"}],"curies":[{"name":"wp","href":"https:\/\/api.w.org\/{rel}","templated":true}]}}