{"id":79,"date":"2022-04-21T10:32:09","date_gmt":"2022-04-21T10:32:09","guid":{"rendered":"http:\/\/modes-revolucion\/?page_id=79"},"modified":"2022-06-20T13:33:02","modified_gmt":"2022-06-20T13:33:02","slug":"teaser","status":"publish","type":"page","link":"https:\/\/modernidadesdescentralizadas.com\/revolucion\/es\/teaser\/","title":{"rendered":"Teaser"},"content":{"rendered":"\n<div class=\"wp-block-group modesrevo-teaser\"><div class=\"wp-block-group__inner-container is-layout-flow wp-block-group-is-layout-flow\">\n<div class=\"wp-block-buttons vos-button-group is-layout-flex wp-block-buttons-is-layout-flex\">\n<div class=\"wp-block-button vos-button active\" id=\"vos-teaser-1\"><a class=\"wp-block-button__link\">Teaser<\/a><\/div>\n\n\n\n<div class=\"wp-block-button vos-button\" id=\"vos-teaser-2\"><a class=\"wp-block-button__link\">Teaser versi\u00f3n de Gr\u00e1ndola Vila Morena<\/a><\/div>\n<\/div>\n\n\n\n<figure class=\"wp-block-embed alignwide is-type-video is-provider-vimeo wp-block-embed-vimeo vos-teaser-1 vos-movie active wp-embed-aspect-16-9 wp-has-aspect-ratio\"><div class=\"wp-block-embed__wrapper\">\nhttps:\/\/vimeo.com\/679466516\n<\/div><\/figure>\n\n\n\n<div class=\"wp-block-group alignwide vos-teaser-2 vos-movie\"><div class=\"wp-block-group__inner-container is-layout-flow wp-block-group-is-layout-flow\">\n<figure class=\"wp-block-embed is-type-video is-provider-vimeo wp-block-embed-vimeo wp-embed-aspect-16-9 wp-has-aspect-ratio\"><div class=\"wp-block-embed__wrapper\">\nhttps:\/\/vimeo.com\/706148657\n<\/div><\/figure>\n\n\n\n<div style=\"height:30px\" aria-hidden=\"true\" class=\"wp-block-spacer\"><\/div>\n\n\n\n<div class=\"wp-block-columns is-layout-flex wp-container-core-columns-is-layout-9d6595d7 wp-block-columns-is-layout-flex\">\n<div class=\"wp-block-column is-layout-flow wp-block-column-is-layout-flow\">\n<p><a rel=\"noreferrer noopener\" href=\"http:\/\/linktr.ee\/mariavillanuevasolita\" target=\"_blank\">Mar\u00eda Villanueva Alonso<\/a> estudi\u00f3 guitarra&nbsp;&nbsp;cl\u00e1sica en el CSM de Vigo y despu\u00e9s&nbsp;&nbsp;Comunicaci\u00f3n Audiovisual en la USC. A continuaci\u00f3n se traslad\u00f3 a Suiza, donde estudi\u00f3 un MA en Music&nbsp;&nbsp;Performance en la&nbsp;&nbsp;HKB y a Lisboa donde estudi\u00f3 la licenciatura en canto jazz en la&nbsp;&nbsp;ESML. Desde 2021 es profesora de guitarra en el conservatorio Manuel Quiroga de Pontevedra.&nbsp;<\/p>\n\n\n\n<p><\/p>\n<\/div>\n\n\n\n<div class=\"wp-block-column is-layout-flow wp-block-column-is-layout-flow\">\n<p>De su actividad art\u00edstica reciente destacan el D\u00fao 2028, presentado en festivales como la Quincena Musical de Donosti; la&nbsp;&nbsp;grabaci\u00f3n del disco \u201cFonte Grande\u201d (2020), financiado por productora Jazz ao Centro&nbsp;&nbsp;Clube ( JACC); la acci\u00f3n&nbsp;&nbsp;performativa \u201cCarta aberta\u201d (2021), comisionada por la Diputaci\u00f3n de Pontevedra y la colaboraci\u00f3n con&nbsp;&nbsp;Jaime Velasco Ayensa, poniendo voz a su m\u00fasica en su pr\u00f3ximo disco, que ver\u00e1 la luz en 2022 .<\/p>\n<\/div>\n<\/div>\n<\/div><\/div>\n<\/div><\/div>\n\n\n\n<p><\/p>\n\n\n\n<p><\/p>\n","protected":false},"excerpt":{"rendered":"<p>Mar\u00eda Villanueva Alonso estudi\u00f3 guitarra&nbsp;&nbsp;cl\u00e1sica en el CSM de Vigo y despu\u00e9s&nbsp;&nbsp;Comunicaci\u00f3n Audiovisual en la USC. A continuaci\u00f3n se traslad\u00f3 [&hellip;]<\/p>\n","protected":false},"author":2,"featured_media":0,"parent":0,"menu_order":3,"comment_status":"closed","ping_status":"closed","template":"","meta":{"_acf_changed":false,"footnotes":""},"class_list":["post-79","page","type-page","status-publish","hentry"],"acf":[],"_links":{"self":[{"href":"https:\/\/modernidadesdescentralizadas.com\/revolucion\/wp-json\/wp\/v2\/pages\/79","targetHints":{"allow":["GET"]}}],"collection":[{"href":"https:\/\/modernidadesdescentralizadas.com\/revolucion\/wp-json\/wp\/v2\/pages"}],"about":[{"href":"https:\/\/modernidadesdescentralizadas.com\/revolucion\/wp-json\/wp\/v2\/types\/page"}],"author":[{"embeddable":true,"href":"https:\/\/modernidadesdescentralizadas.com\/revolucion\/wp-json\/wp\/v2\/users\/2"}],"replies":[{"embeddable":true,"href":"https:\/\/modernidadesdescentralizadas.com\/revolucion\/wp-json\/wp\/v2\/comments?post=79"}],"version-history":[{"count":10,"href":"https:\/\/modernidadesdescentralizadas.com\/revolucion\/wp-json\/wp\/v2\/pages\/79\/revisions"}],"predecessor-version":[{"id":394,"href":"https:\/\/modernidadesdescentralizadas.com\/revolucion\/wp-json\/wp\/v2\/pages\/79\/revisions\/394"}],"wp:attachment":[{"href":"https:\/\/modernidadesdescentralizadas.com\/revolucion\/wp-json\/wp\/v2\/media?parent=79"}],"curies":[{"name":"wp","href":"https:\/\/api.w.org\/{rel}","templated":true}]}}